{"id":802,"date":"2019-02-25T15:08:48","date_gmt":"2019-02-25T14:08:48","guid":{"rendered":"https:\/\/www.crioac-lyon.fr\/?page_id=802"},"modified":"2022-05-10T14:58:32","modified_gmt":"2022-05-10T12:58:32","slug":"equipes-chirurgicales","status":"publish","type":"page","link":"https:\/\/www.crioac-lyon.fr\/en\/equipes-chirurgicales\/","title":{"rendered":"Surgical teams"},"content":{"rendered":"<p><\/p>\n<div class=\"cri-emphasis cf\">\n<div class=\"m-all t-4of12 d-4of12\"><img decoding=\"async\" class=\"aligncenter\" src=\"https:\/\/www.crioac-lyon.fr\/wp-content\/uploads\/Equipe\/Lustig_Sebastien.jpg\" \/><\/div>\n<div class=\"m-all t-8of12 d-8of12\">\n<p><strong> Prof. S\u00e9bastien Lustig<br \/>\nLead orthopaedic surgeon <\/strong><\/p>\n<p>Deputy Head of the Department of Orthopaedic Surgery and Sports Medicine at the Croix-Rousse Hospital<\/p>\n<p>Hospices Civils de Lyon<br \/>\nList of collaborators can be seen on the <a href=\"https:\/\/www.chu-lyon.fr\/fr\/service-chirurgie-orthopedique-medecine-sport-croix-rousse\"> HCL website<\/a><br \/>\nWebsite in French : <a href=\"http:\/\/www.orthopedie-lyon-croix-rousse.fr\">orthopedie-lyon-croix-rousse.fr<\/a><\/p>\n<\/div>\n<\/div>\n<p><strong> Prof. S\u00e9bastien LUSTIG <\/strong> received postgraduate training in both <strong> general surgery <\/strong> and <strong> orthopaedic surgery and traumatology <\/strong> .<br \/>\nHe has been a member of the <strong><a href=\"http:\/\/www.sofcot.fr\/Composantes\/College-CFCOT\">Coll\u00e8ge National d\u2019Orthop\u00e9die<\/a> <\/strong>since 2009. He wrote a medical thesis in 2005 and a doctoral thesis in 2010 (supervised by Prof. Philippe Neyret) on the subject of knee replacement surgery.<\/p>\n<p>He is affiliated with the <a href=\"https:\/\/www.lbmc.ifsttar.fr\"><strong> Laboratoire de Biom\u00e9canique et M\u00e9canique des Chocs <\/strong><\/a> in Lyon, run by Prof. Philippe Vezin. He spent one post-doctoral year at the <strong><a href=\"https:\/\/www.sori.org.au\"><em> Sydney Orthopaedic Research Institute <\/em><\/a><\/strong> in Australia, where he practiced knee replacement surgery with Prof. David Parker.<br \/>\nHe was granted several international Travelling Fellowships such as those of the <strong><em>American Knee Society (AKS) <\/em><\/strong> , the <a href=\"https:\/\/www.esska.org\"><strong><em>European Society of Sports Traumatology, Knee Surgery and Arthroscopy<\/em>\u00a0(ESSKA)<\/strong><\/a>, and the\u00a0<a href=\"https:\/\/www.efort.org\"><strong><em>European Federation of national associations of ORthopaedics and Traumatology (EFORT) <\/em><\/strong><\/a> .<\/p>\n<p>He is a member of national and international scientific societies such as the<a href=\"https:\/\/www.sfhg.fr\"><strong> Soci\u00e9t\u00e9 Fran\u00e7aise de la Hanche et du Genou (SFHG)<\/strong><\/a>, the\u00a0<strong><a href=\"https:\/\/www.esska.org\"><em>European Society of Sports Traumatology, Knee Surgery and Arthroscopy<\/em> (Deputy Chair) (ESSKA)<\/a><\/strong> and the <em> <a href=\"https:\/\/www.isakos.com\"><strong>International Society of Arthroscopy, Knee Surgery and Orthopaedic Sports Medicine (ISAKOS)<\/strong><\/a><\/em>. He is the president of the <a href=\"http:\/\/www.lyon-knee-surgery.com\/\"><strong><em>Lyon School of Knee Surgery (LSKS)<\/em><\/strong><\/a>.<br \/>\nHe was appointed the post of <strong> Professor <\/strong> at the <a href=\"https:\/\/lyon-sud.univ-lyon1.fr\/fr\/faculte-de-medecine-et-de-maieutique-lyon-sud-charles-merieux-482330.kjsp\"><strong>Faculty of Medicine Lyon Sud Charles M\u00e9rieux<\/strong><\/a> of <a href=\"https:\/\/www.univ-lyon1.fr\"><strong>Claude Bernard Lyon 1 University <\/strong><\/a> in 2014. Prof. S. Lustig has contributed to over 100 publications, has held over 100 oral presentations during national and international conferences since 2006 and has written a dozen book chapters. He practices at <a href=\"https:\/\/www.chu-lyon.fr\/fr\"><strong> Hospices Civils de Lyon <\/strong><\/a> in the <a href=\"https:\/\/www.chu-lyon.fr\/fr\/service-chirurgie-orthopedique-medecine-sport-croix-rousse\"><strong> Orthopaedic Surgery and Sports Medicine Department at the Croix-Rousse Hospital.<\/strong><\/a><\/p>\n<p>He provides clinical care in knee surgery, first-line prosthetic surgery, revision surgery of the knee and hip, and specialises in bone and joint infection. Prof. S. Lustig has been the <strong> surgery co-ordinator of CRIOAc Lyon <\/strong> since September 2014.<\/p>\n<div class=\"cri-emphasis cf\">\n<div class=\"m-all t-4of12 d-4of12\"><img decoding=\"async\" class=\"aligncenter\" src=\"https:\/\/www.crioac-lyon.fr\/wp-content\/uploads\/Equipe\/Fessy_MH.jpg\" \/><\/div>\n<div class=\"m-all t-8of12 d-8of12\">\n<p><strong> Prof. Michel-Henri Fessy<br \/>\nOrthopaedic surgeon <\/strong><\/p>\n<p><strong> Head of the Orthopaedic Surgery Department at the Lyon Sud Hospital <\/strong><\/p>\n<p>Hospices Civils de Lyon<br \/>\nList of collaborators can be seen on the <a href=\"https:\/\/www.chu-lyon.fr\/fr\/service-chirurgie-orthopedique-traumatologie-lyon-sud\">HCL website<\/a><\/p>\n<\/div>\n<\/div>\n<div class=\"cri-emphasis cf\">\n<div class=\"m-all t-4of12 d-4of12\"><img decoding=\"async\" class=\"aligncenter\" src=\"https:\/\/www.crioac-lyon.fr\/wp-content\/uploads\/Equipe\/Barrey_Cedric.jpg\" \/><\/div>\n<div class=\"m-all t-8of12 d-8of12\">\n<p><strong> Prof. C\u00e9dric Barrey<br \/>\nSpine surgeon <\/strong><\/p>\n<p><strong>Head of the Neurosurgery Department &#8211; spine and spinal cord surgery division at the Pierre Wertheimer Neurology Hospital<\/strong><\/p>\n<p>Hospices Civils de Lyon<br \/>\nList of collaborators can be seen on the\u00a0<a href=\"https:\/\/www.chu-lyon.fr\/fr\/service-de-neurochirurgie-chirurgie-du-rachis-et-de-la-moelle-epiniere\">HCL website<\/a><\/p>\n<\/div>\n<\/div>\n<p><\/p>","protected":false},"excerpt":{"rendered":"<p>Prof. S\u00e9bastien Lustig Lead orthopaedic surgeon Deputy Head of the Department of Orthopaedic Surgery and Sports Medicine at the Croix-Rousse Hospital Hospices Civils de Lyon List of collaborators can be seen on the HCL website Website in French : orthopedie-lyon-croix-rousse.fr Prof. S\u00e9bastien LUSTIG received postgraduate training in both general surgery and orthopaedic surgery and traumatology . He has been a<\/p>\n","protected":false},"author":3,"featured_media":0,"parent":0,"menu_order":0,"comment_status":"closed","ping_status":"closed","template":"","meta":{"footnotes":""},"class_list":["post-802","page","type-page","status-publish","hentry"],"_links":{"self":[{"href":"https:\/\/www.crioac-lyon.fr\/en\/wp-json\/wp\/v2\/pages\/802","targetHints":{"allow":["GET"]}}],"collection":[{"href":"https:\/\/www.crioac-lyon.fr\/en\/wp-json\/wp\/v2\/pages"}],"about":[{"href":"https:\/\/www.crioac-lyon.fr\/en\/wp-json\/wp\/v2\/types\/page"}],"author":[{"embeddable":true,"href":"https:\/\/www.crioac-lyon.fr\/en\/wp-json\/wp\/v2\/users\/3"}],"replies":[{"embeddable":true,"href":"https:\/\/www.crioac-lyon.fr\/en\/wp-json\/wp\/v2\/comments?post=802"}],"version-history":[{"count":16,"href":"https:\/\/www.crioac-lyon.fr\/en\/wp-json\/wp\/v2\/pages\/802\/revisions"}],"predecessor-version":[{"id":5616,"href":"https:\/\/www.crioac-lyon.fr\/en\/wp-json\/wp\/v2\/pages\/802\/revisions\/5616"}],"wp:attachment":[{"href":"https:\/\/www.crioac-lyon.fr\/en\/wp-json\/wp\/v2\/media?parent=802"}],"curies":[{"name":"wp","href":"https:\/\/api.w.org\/{rel}","templated":true}]}}