{"id":800,"date":"2019-02-25T15:08:37","date_gmt":"2019-02-25T14:08:37","guid":{"rendered":"https:\/\/www.crioac-lyon.fr\/?page_id=800"},"modified":"2022-05-10T11:57:55","modified_gmt":"2022-05-10T09:57:55","slug":"coordination-et-equipe-medicale","status":"publish","type":"page","link":"https:\/\/www.crioac-lyon.fr\/en\/coordination-et-equipe-medicale\/","title":{"rendered":"Coordination and the Medical Team"},"content":{"rendered":"<p><\/p>\n<div class=\"cri-emphasis cf\">\n<div class=\"m-all t-4of12 d-4of12\"><img decoding=\"async\" class=\"aligncenter\" src=\"https:\/\/www.crioac-lyon.fr\/wp-content\/uploads\/Equipe\/Ferry_Tristan.jpg\" \/><\/div>\n<div class=\"m-all t-8of12 d-8of12\">\n<p><strong>Prof. Tristan Ferry<br \/>\nInfectiologist and director of medical care at CRIOAc Lyon<\/strong><\/p>\n<p>Deputy Head of the Department of Infectious and Tropical Disease at the Croix-Rousse Hospital<\/p>\n<p><a href=\"http:\/\/ciri.inserm.fr\/\">Centre International de Recherche en Infectiologie<\/a><br \/>\n<a href=\"http:\/\/ciri.inserm.fr\/les-equipes\/toutes-nos-equipes\/pathogenese-des-infections-a-staphylocoques\/themes-de-recherche\/\">Equipe \u201dPathog\u00e9n\u00e8se des infections \u00e0 staphylocoques\u201d<\/a><br \/>\nINSERM U1111 \u2013 CNRS UMR5308 \u2013 ENS Lyon \u2013<br \/>\nUniversit\u00e9 Claude Bernard Lyon 1<\/p>\n<p><a href=\"https:\/\/www.chu-lyon.fr\/fr\">Hospices Civils de Lyon<\/a><br \/>\nList of collaborators can be seen on the <a href=\"https:\/\/www.chu-lyon.fr\/fr\/service-maladies-infectieuses-tropicales-croix-rousse\">HCL website<\/a><\/p>\n<\/div>\n<\/div>\n<div class=\"m-all t-all d-all\">\n<p><strong>Prof. Tristan Ferry<\/strong> has received postgraduate specialty training in both Internal Medicine, and in Infectious and Tropical Disease. He wrote a <strong>medical thesis<\/strong> in 2005 and a <strong>doctoral thesis<\/strong> in 2007 (supervised by Prof. J\u00e9r\u00f4me Etienne), on toxins produced by <em>Staphylococcus aureus<\/em>. He is affiliated with the <a href=\"http:\/\/ciri.inserm.fr\/en\/team\/all-teams\/staphylocococcal-pathogenesis\/general-interests\/\"><strong>International Centre for Infectiology Research (CIRI)<\/strong><\/a>, working with the team of Prof. Fran\u00e7ois Vandenesch. He spent one post-doctoral year at <strong><a href=\"https:\/\/www.hug-ge.ch\">Geneva University Hospital<\/a><\/strong>, where he worked in the field of both <strong>HIV<\/strong> (<strong><a href=\"http:\/\/www.shcs.ch\">Swiss HIV Cohort Study<\/a><\/strong> with Prof. Bernard Hirschel and Prof. Alexandra Calmy) and<strong> bone and joint infection due to Staphylococcus<\/strong> (with Prof. Daniel Lew and Dr. Ilker U\u00e7kay).<\/p>\n<p>He was appointed the post of <strong>Professor<\/strong> at the <strong><a href=\"https:\/\/lyon-est.univ-lyon1.fr\">facult\u00e9 de M\u00e9decine Lyon Est<\/a><\/strong> at L\u2019<strong><a href=\"https:\/\/www.univ-lyon1.fr\">Universit\u00e9 Claude Bernard Lyon 1<\/a><\/strong> in 2014. He is Associate Dean for teaching Infectious Disease to medical students and is in charge of the &#8220;History of Medecine&#8221; module, during which he teaches the history of phage therapy.\u00a0He is Vice-President research delegate of <strong><a href=\"https:\/\/www.infectiologie.com\/fr\/qu-est-ce-que-le-cmit.html\">Coll\u00e8ge des Universitaires des Maladies Infectieuses et Tropicales (CMIT)<\/a><\/strong>; and a member of the <strong><a href=\"https:\/\/www.infectiologie.com\/fr\/spilf-presentation.html\">Soci\u00e9t\u00e9 de Pathologie Infectieuse de Langue Fran\u00e7aise (SPILF)<\/a><\/strong>, the <a href=\"https:\/\/www.escmid.org\/\"><em><strong>European Society of Clinical Microbiology and Infectious Diseases (ESCMID)<\/strong><\/em><\/a>, the <strong><a href=\"https:\/\/ebjis.org\"><em>European Bone and Joint Infection Society<\/em> (<em>EBJIS<\/em>)<\/a><\/strong>, the <a href=\"https:\/\/www.biusante.parisdescartes.fr\/sfhm\/\"><strong>Soci\u00e9t\u00e9 Fran\u00e7aise d&#8217;Histoire de la M\u00e9decine<\/strong><\/a>, and, since 2020, the <strong><a href=\"https:\/\/www.academie-chirurgie.fr\">Acad\u00e9mie Nationale de Chirurgie<\/a><\/strong>. He has contributed to over<strong> <a href=\"https:\/\/www.ncbi.nlm.nih.gov\/pubmed\/?term=ferry+t\">300 publications since 2002<\/a><\/strong>, has held dozens of <strong><a href=\"https:\/\/www.crioac-lyon.fr\/documents\/communications-orales\/\">oral presentations<\/a><\/strong> in national and international conferences, and has written various <a href=\"https:\/\/www.crioac-lyon.fr\/documents\/ouvrages\/\"><strong>book chapters<\/strong><\/a>.<\/p>\n<p>He practices in the <a href=\"https:\/\/www.chu-lyon.fr\/fr\/service-maladies-infectieuses-tropicales-croix-rousse\"><strong>Infectious Disease Department<\/strong><\/a> at the Croix-Rousse Hospital, which is part of <a href=\"https:\/\/www.chu-lyon.fr\/fr\"><strong>HCL<\/strong><\/a>. He dedicates most of his research to <a href=\"https:\/\/www.chu-lyon.fr\/fr\/infection-osteoarticulaire\"><strong>bone and joint infections<\/strong><\/a>. Prof. T. Ferry has been coordinating care at CRIOAc Lyon and participating in the <strong><a href=\"https:\/\/www.crioac-lyon.fr\/lyon-bji-study-group\/\"><em>Lyon Bone and Joint Infection Study Group<\/em><\/a><\/strong> since September 2014. Since 2019, he has been the president of the <strong><a href=\"https:\/\/www.crioac-lyon.fr\/comite-scientifique-des-crioac\">National Scientific Committee of CRIOAc<\/a><\/strong>. Between 2018 and 2020, he was the director of the national research group <a href=\"https:\/\/www.infectiologie.com\/\"><strong>SPILF<\/strong><\/a>\/<a href=\"https:\/\/www.infectiologie.com\/fr\/qu-est-ce-que-le-cmit.html\"><strong>CMIT<\/strong><\/a>. Since 2019, he has been a member of the <strong><a href=\"https:\/\/www.escmid.org\/research_projects\/study_groups\/implant_infections\/\">ESCMID Study Group for Implant-Associated Infections (ESGIAI)<\/a><\/strong>.<\/p>\n<\/div>\n<p><\/p>","protected":false},"excerpt":{"rendered":"<p>Prof. Tristan Ferry Infectiologist and director of medical care at CRIOAc Lyon Deputy Head of the Department of Infectious and Tropical Disease at the Croix-Rousse Hospital Centre International de Recherche en Infectiologie Equipe \u201dPathog\u00e9n\u00e8se des infections \u00e0 staphylocoques\u201d INSERM U1111 \u2013 CNRS UMR5308 \u2013 ENS Lyon \u2013 Universit\u00e9 Claude Bernard Lyon 1 Hospices Civils de Lyon List of collaborators can<\/p>\n","protected":false},"author":3,"featured_media":0,"parent":0,"menu_order":0,"comment_status":"closed","ping_status":"closed","template":"","meta":{"footnotes":""},"class_list":["post-800","page","type-page","status-publish","hentry"],"_links":{"self":[{"href":"https:\/\/www.crioac-lyon.fr\/en\/wp-json\/wp\/v2\/pages\/800","targetHints":{"allow":["GET"]}}],"collection":[{"href":"https:\/\/www.crioac-lyon.fr\/en\/wp-json\/wp\/v2\/pages"}],"about":[{"href":"https:\/\/www.crioac-lyon.fr\/en\/wp-json\/wp\/v2\/types\/page"}],"author":[{"embeddable":true,"href":"https:\/\/www.crioac-lyon.fr\/en\/wp-json\/wp\/v2\/users\/3"}],"replies":[{"embeddable":true,"href":"https:\/\/www.crioac-lyon.fr\/en\/wp-json\/wp\/v2\/comments?post=800"}],"version-history":[{"count":34,"href":"https:\/\/www.crioac-lyon.fr\/en\/wp-json\/wp\/v2\/pages\/800\/revisions"}],"predecessor-version":[{"id":5613,"href":"https:\/\/www.crioac-lyon.fr\/en\/wp-json\/wp\/v2\/pages\/800\/revisions\/5613"}],"wp:attachment":[{"href":"https:\/\/www.crioac-lyon.fr\/en\/wp-json\/wp\/v2\/media?parent=800"}],"curies":[{"name":"wp","href":"https:\/\/api.w.org\/{rel}","templated":true}]}}