{"id":5339,"date":"2021-11-15T11:49:11","date_gmt":"2021-11-15T10:49:11","guid":{"rendered":"https:\/\/www.crioac-lyon.fr\/?page_id=5339"},"modified":"2023-12-04T16:53:56","modified_gmt":"2023-12-04T15:53:56","slug":"etude-conviction","status":"publish","type":"page","link":"https:\/\/www.crioac-lyon.fr\/en\/etude-conviction\/","title":{"rendered":"CONVICTION Trial"},"content":{"rendered":"<p><img loading=\"lazy\" decoding=\"async\" class=\"aligncenter size-full wp-image-5900\" src=\"https:\/\/www.crioac-lyon.fr\/wp-content\/uploads\/Conviction-logo-1.png\" alt=\"\" width=\"627\" height=\"176\" srcset=\"https:\/\/www.crioac-lyon.fr\/wp-content\/uploads\/Conviction-logo-1.png 627w, https:\/\/www.crioac-lyon.fr\/wp-content\/uploads\/Conviction-logo-1-300x84.png 300w\" sizes=\"auto, (max-width: 627px) 100vw, 627px\" \/><\/p>\n<div class=\"cri-emphasis summary\">\u00c9valuation de l\u2019efficience du <strong>substitut osseux Cerament-G<\/strong> d\u00e9livrant localement de la <strong>gentamicine<\/strong> dans le traitement de <strong>l\u2019ost\u00e9omy\u00e9lite chronique<\/strong> des os longs : \u00c9tude randomis\u00e9e multicentrique dans le r\u00e9seau CRIOAc.<br \/>\nM\u00e9decin coordonnateur : Pr Tristan FERRY.<\/div>\n<h2>Qu\u2019est ce que l\u2019ost\u00e9omy\u00e9lite chronique ?<\/h2>\n<div style=\"text-align: justify;\"><img loading=\"lazy\" decoding=\"async\" class=\"alignleft size-thumbnail wp-image-5904\" src=\"https:\/\/www.crioac-lyon.fr\/wp-content\/uploads\/Image1-150x150.png\" alt=\"\" width=\"150\" height=\"150\" srcset=\"https:\/\/www.crioac-lyon.fr\/wp-content\/uploads\/Image1-150x150.png 150w, https:\/\/www.crioac-lyon.fr\/wp-content\/uploads\/Image1-125x125.png 125w\" sizes=\"auto, (max-width: 150px) 100vw, 150px\" \/><br \/>\n&#8211; L\u2019ost\u00e9omy\u00e9lite chronique est une <strong>infection ost\u00e9oarticulaire grave<\/strong>, le plus souvent situ\u00e9e au niveau des os longs (tibia, f\u00e9mur, hum\u00e9rus ou avant-bras).<br \/>\n&#8211; Elle est caract\u00e9ris\u00e9e par la <strong>pr\u00e9sence de bact\u00e9ries dans la m\u00e9dullaire osseuse<\/strong>, parfois responsable d\u2019un abc\u00e8s intra-osseux.<br \/>\n&#8211; L\u2019\u00e9radication des bact\u00e9ries est rendue difficile par la mise en jeu de m\u00e9canismes de persistance (biofilm).<\/div>\n<p>&nbsp;<\/p>\n<div>\n<h2>Quels sont les traitements ?<\/h2>\n<p style=\"text-align: justify;\"><img loading=\"lazy\" decoding=\"async\" class=\"alignleft size-full wp-image-5906\" src=\"https:\/\/www.crioac-lyon.fr\/wp-content\/uploads\/Image2.png\" alt=\"\" width=\"142\" height=\"143\" srcset=\"https:\/\/www.crioac-lyon.fr\/wp-content\/uploads\/Image2.png 142w, https:\/\/www.crioac-lyon.fr\/wp-content\/uploads\/Image2-125x125.png 125w\" sizes=\"auto, (max-width: 142px) 100vw, 142px\" \/><br \/>\n&#8211; Intervention chirurgicale par <strong>corticotomie<\/strong> avec plus ou moins un lambeau de couverture cutan\u00e9e suivie d\u2019une antibioth\u00e9rapie syst\u00e9mique probabiliste puis cibl\u00e9e en post-op\u00e9ratoire pendant 3 mois.<br \/>\n&#8211; L\u2019efficacit\u00e9 est fonction de la capacit\u00e9 de l\u2019antibiotique \u00e0 p\u00e9n\u00e9trer le tissu osseux.<\/p>\n<p><span style=\"color: #ff6600;\">Malgr\u00e9 le traitement chirurgical et l\u2019antibioth\u00e9rapie, l\u2019\u00e9chec de la prise en charge actuel est de 20 %.<\/span><\/p>\n<\/div>\n<p>&nbsp;<\/p>\n<h2>Qu&#8217;est-ce que le Cerament-G<sup>TM<\/sup> ?<\/h2>\n<p style=\"text-align: justify;\"><img loading=\"lazy\" decoding=\"async\" class=\"alignleft size-thumbnail wp-image-5907\" src=\"https:\/\/www.crioac-lyon.fr\/wp-content\/uploads\/Image3.png\" alt=\"\" width=\"71\" height=\"254\" \/>Il s\u2019agit d\u2019un <strong>substitut osseux, synth\u00e9tique<\/strong> (Laboratoire Bonesupport AB, Su\u00e8de) compos\u00e9 d\u2019hydroxyapatite, de sulfate de calcium et de gentamicine (bact\u00e9ricide \u00e0 large spectre), marqu\u00e9 CE (dispositif implantable), qui :<br \/>\n&#8211; Permet de combler \u00ab\u00a0l\u2019espace mort\u00a0\u00bb constitu\u00e9 au cours de la chirurgie afin d\u2019\u00e9viter que cette cavit\u00e9 remplie de sang ne s\u2019infecte.<br \/>\n&#8211; <strong>Favorise la r\u00e9g\u00e9n\u00e9ration de l\u2019os<\/strong> au sein de cet espace.<br \/>\n&#8211; Limite le risque de fracture \u00e0 moyen et long terme.<br \/>\n&#8211; D\u00e9livre localement<span style=\"text-align: justify;\">\u00a0et durant plusieurs semaines de\u00a0<\/span><strong style=\"text-align: justify;\">fortes doses de gentamicine<\/strong><span style=\"text-align: justify;\">\u00a0(qui est efficace sur la grande majorit\u00e9 des bact\u00e9ries responsables des infections ost\u00e9oarticulaires).<\/span><\/p>\n<p style=\"text-align: justify;\">En France , il n\u2019existe pas d\u2019autre substitut osseux avec antibiotique. Le Cerament-G<sup>TM<\/sup> permet de diminuer le nombre de r\u00e9cidives infectieuses (environ 5% en 18 mois). Cette innovation est disponible en France mais \u00e0 un prix tr\u00e8s \u00e9lev\u00e9 (entre 2500 et 4000 \u20ac) et est non rembours\u00e9e. C\u2019est pour r\u00e9pondre \u00e0 cette probl\u00e9matique que le Pr. FERRY et les HCL ont mis en place et coordonnent une \u00e9tude randomis\u00e9e nationale \u00e9valuant, dans 14 centres, le <strong>Cerament-G<sup>TM<\/sup><\/strong>. Cette \u00e9tude, d\u00e9nomm\u00e9e <strong>CONVICTION<\/strong> , est financ\u00e9e par le programme de recherche m\u00e9dico-\u00e9conomique (PRME) du Minist\u00e8re de la Sant\u00e9, et permettra d\u2019apporter des donn\u00e9es indispensables pour envisager un \u00e9ventuel remboursement en France de ce dispositif innovant.<\/p>\n<p style=\"text-align: center;\"><iframe loading=\"lazy\" title=\"CERAMENT G Instructions de m\u00e9lange\" width=\"680\" height=\"383\" src=\"https:\/\/www.youtube.com\/embed\/PLNJJrma9Uc?feature=oembed\" frameborder=\"0\" allow=\"accelerometer; autoplay; clipboard-write; encrypted-media; gyroscope; picture-in-picture; web-share\" allowfullscreen><\/iframe><\/p>\n<h2>Centres participants \u00e0 l\u2019\u00e9tude CONVICTION :<\/h2>\n<img loading=\"lazy\" decoding=\"async\" class=\"size-full wp-image-5923 aligncenter\" src=\"https:\/\/www.crioac-lyon.fr\/wp-content\/uploads\/Image4_france-conviction-noms.png\" alt=\"\" width=\"411\" height=\"357\" \/>\n<div class=\"cf\">\n<div class=\"m-all t-6of12 d-6of12\"><\/div>\n<h2>R\u00e9sum\u00e9<\/h2>\n<div class=\"cf\">\n<div class=\"cri-emphasis summary\" style=\"text-align: justify;\"><span style=\"color: #000000;\"><strong>. Plan exp\u00e9rimental<\/strong> : \u00c9tude nationale, prospective, multicentrique, randomis\u00e9e, en simple insu, comparant deux strat\u00e9gies :<br \/>\n&#8211; La prise en charge m\u00e9dico-chirurgicale habituelle (corticotomie +\/- lambeau de couverture puis antibioth\u00e9rapie syst\u00e9mique pendant 3 mois)<br \/>\n&#8211; La prise en charge m\u00e9dico-chirurgicale innovante (prise en charge habituelle + Cerament-G<sup>TM<\/sup>)<br \/>\n<strong>. Objectif<\/strong> : \u00c9valuer l\u2019efficacit\u00e9 et l\u2019efficience (co\u00fbt-efficacit\u00e9) du Cerament-GTM dans le traitement de l\u2019ost\u00e9omy\u00e9lite chronique des os longs en comparant les deux strat\u00e9gies.<br \/>\n<strong>. Population cible<\/strong> : Patients adultes atteints d\u2019ost\u00e9omy\u00e9lite chronique des os longs n\u00e9cessitant une prise en charge chirurgicale dans un centre de r\u00e9f\u00e9rence (CRIOAc).<br \/>\n<strong>. Visites et dur\u00e9e de l\u2019\u00e9tude<\/strong> : 220 patients attendus, qui b\u00e9n\u00e9ficieront de 8 visites sur une dur\u00e9e de 2 ans.<\/span><\/div>\n<h2>Sch\u00e9ma de l&#8217;\u00e9tude :<\/h2>\n<img loading=\"lazy\" decoding=\"async\" class=\"aligncenter size-full wp-image-5931\" src=\"https:\/\/www.crioac-lyon.fr\/wp-content\/uploads\/Image5_schema-etude.png\" alt=\"\" width=\"1015\" height=\"435\" srcset=\"https:\/\/www.crioac-lyon.fr\/wp-content\/uploads\/Image5_schema-etude.png 1015w, https:\/\/www.crioac-lyon.fr\/wp-content\/uploads\/Image5_schema-etude-300x129.png 300w, https:\/\/www.crioac-lyon.fr\/wp-content\/uploads\/Image5_schema-etude-768x329.png 768w\" sizes=\"auto, (max-width: 1015px) 100vw, 1015px\" \/>\n<div class=\"cri-emphasis attention\" style=\"text-align: justify;\">Si vous pensez qu\u2019un de vos patients pourrait \u00eatre inclus dans l\u2019essai CONVICTION, n\u2019h\u00e9sitez pas \u00e0 <strong>contacter la coordination de l\u2019\u00e9tude<\/strong> ou \u00e0 adresser votre patient au centre participant le plus proche.<br \/>\n<strong>Investigateur coordonnateur : Pr Tristan FERRY<\/strong> \/ 04 72 07 11 07 \/ <a href=\"mailto:tristan.ferry@chu-lyon.fr\" target=\"_blank\" rel=\"noopener\">tristan.ferry@chu-lyon.fr<\/a><br \/>\n<strong>Coordination de l\u2019\u00e9tude : Mme Sophie SIMON<\/strong> \/ 04 72 11 57 05 \/ <a href=\"mailto:etude.conviction@chu-lyon.fr\" target=\"_blank\" rel=\"noopener\">etude.conviction@chu-lyon.fr<\/a>.<\/div>\n<\/div>\n<p><\/p>","protected":false},"excerpt":{"rendered":"<p>\u00c9valuation de l\u2019efficience du substitut osseux Cerament-G d\u00e9livrant localement de la gentamicine dans le traitement de l\u2019ost\u00e9omy\u00e9lite chronique des os longs : \u00c9tude randomis\u00e9e multicentrique dans le r\u00e9seau CRIOAc. M\u00e9decin coordonnateur : Pr Tristan FERRY. Qu\u2019est ce que l\u2019ost\u00e9omy\u00e9lite chronique ? &#8211; L\u2019ost\u00e9omy\u00e9lite chronique est une infection ost\u00e9oarticulaire grave, le plus souvent situ\u00e9e au niveau des os longs (tibia, f\u00e9mur,<\/p>\n","protected":false},"author":6,"featured_media":0,"parent":0,"menu_order":0,"comment_status":"closed","ping_status":"closed","template":"","meta":{"footnotes":""},"class_list":["post-5339","page","type-page","status-publish","hentry"],"_links":{"self":[{"href":"https:\/\/www.crioac-lyon.fr\/en\/wp-json\/wp\/v2\/pages\/5339","targetHints":{"allow":["GET"]}}],"collection":[{"href":"https:\/\/www.crioac-lyon.fr\/en\/wp-json\/wp\/v2\/pages"}],"about":[{"href":"https:\/\/www.crioac-lyon.fr\/en\/wp-json\/wp\/v2\/types\/page"}],"author":[{"embeddable":true,"href":"https:\/\/www.crioac-lyon.fr\/en\/wp-json\/wp\/v2\/users\/6"}],"replies":[{"embeddable":true,"href":"https:\/\/www.crioac-lyon.fr\/en\/wp-json\/wp\/v2\/comments?post=5339"}],"version-history":[{"count":79,"href":"https:\/\/www.crioac-lyon.fr\/en\/wp-json\/wp\/v2\/pages\/5339\/revisions"}],"predecessor-version":[{"id":6273,"href":"https:\/\/www.crioac-lyon.fr\/en\/wp-json\/wp\/v2\/pages\/5339\/revisions\/6273"}],"wp:attachment":[{"href":"https:\/\/www.crioac-lyon.fr\/en\/wp-json\/wp\/v2\/media?parent=5339"}],"curies":[{"name":"wp","href":"https:\/\/api.w.org\/{rel}","templated":true}]}}