{"id":4513,"date":"2020-06-10T08:31:22","date_gmt":"2020-06-10T06:31:22","guid":{"rendered":"https:\/\/www.crioac-lyon.fr\/?page_id=4513"},"modified":"2026-02-26T16:35:05","modified_gmt":"2026-02-26T15:35:05","slug":"le-crioac-lyon-dans-les-medias","status":"publish","type":"page","link":"https:\/\/www.crioac-lyon.fr\/en\/le-crioac-lyon-dans-les-medias\/","title":{"rendered":"CRIOAc Lyon in the news"},"content":{"rendered":"<p><\/p>\n<div class=\"cri-emphasis summary\"><strong>CRIOAc Lyon shares<\/strong> news in the field of <a href=\"https:\/\/www.crioac-lyon.fr\/qu-est-ce-qu-une-infection-osteoarticulaire\/\"><strong>bone and joint infection (BJI)<\/strong> <\/a>on this website. CRIOAc Lyon also has a <a href=\"https:\/\/twitter.com\/CrioacLyon\"><strong>twitter account<\/strong> <\/a>, as well as a <a href=\"https:\/\/www.youtube.com\/channel\/UCDB4G1v2pjjZdK6EsfUmmwQ\"><strong>youtube channel<\/strong><\/a>. If you can read French, our seasonal newsletter can be found <a href=\"https:\/\/www.crioac-lyon.fr\/newsletter\/\"><strong>through this website link<\/strong><\/a>, or you can receive it by registering <a href=\"https:\/\/www.crioac-lyon.fr\/newsletter\/\"><strong>HERE<\/strong><\/a>. You will also find below a list of press releases and French-language reports involving <strong>CRIOAc Lyon<\/strong>. These articles appearing on the <strong>internet<\/strong>, in the <strong>written press<\/strong>, on the <strong>radio and televsion<\/strong> are classified by year.<\/div>\n<h2 class=\"headline\">2024<\/h2>\n<h3><strong>La Vie<\/strong><\/h3>\n<p><a href=\"https:\/\/www.crioac-lyon.fr\/wp-content\/uploads\/Against-antibiotic-resistance-bacteria-eating-viruses-v2.pdf\"><strong>Against antibiotic resistance, bacteriaeating viruses<\/strong><\/a><\/p>\n<h2 class=\"headline\">2021<\/h2>\n<h3><strong>France 5 All\u00f4 docteurs<\/strong><\/h3>\n<p><a href=\"https:\/\/vimeo.com\/688948945\"><strong>Antibior\u00e9sistance et phagoth\u00e9rapie (version courte)<\/strong><\/a><\/p>\n<p><a href=\"https:\/\/youtu.be\/4O455smfL5o\"><strong>Antibior\u00e9sistance et phagoth\u00e9rapie (version longue)<\/strong><\/a><\/p>\n<h3><strong>Hospitalia : les succ\u00e8s de 2021<\/strong><\/h3>\n<p><a href=\"https:\/\/www.crioac-lyon.fr\/wp-content\/uploads\/hospitalia-2021.pdf\"><strong>Les Hospices Civils de Lyon misent sur la phagoth\u00e9rapie<\/strong><\/a><\/p>\n<h3><strong>Arte Journal<\/strong><\/h3>\n<p><a href=\"https:\/\/youtu.be\/RVYL9AAe6DI\"><strong>Quand les virus sauvent des vies<\/strong><\/a><\/p>\n<h3><strong>HCL Newsletter : Parlons sant\u00e9<\/strong><\/h3>\n<p><a href=\"https:\/\/myhcl.sante-ra.fr\/ParlonsSante\/newsletter-email-template\/TabId\/1898\/ArtMID\/3692\/ArticleID\/119\/t233moignage.aspx\"><strong>T\u00e9moignage :\u00a0Colette, \u00ab Comment les phages ont sauv\u00e9 ma jambe \u00bb<\/strong><\/a><\/p>\n<h3><strong>Science et vie<\/strong><\/h3>\n<p class=\"like-h1\"><a href=\"https:\/\/www.science-et-vie.com\/nature-et-enviro\/les-bacteriophages-guerisseurs-larme-ultime-contre-lantibioresistance-64499\"><strong>Les bact\u00e9riophages gu\u00e9risseurs : l\u2019arme ultime contre l\u2019antibior\u00e9sistance\u2009?<\/strong><\/a><\/p>\n<h3><strong>Le monde<\/strong><\/h3>\n<p><a href=\"https:\/\/www.lemonde.fr\/sciences\/article\/2021\/09\/13\/a-lyon-des-virus-vont-etre-produits-pour-lutter-contre-les-bacteries-resistantes-aux-antibiotiques_6094523_1650684.html\"><strong>A Lyon, des virus vont \u00eatre produits pour lutter contre les bact\u00e9ries r\u00e9sistantes aux antibiotiques<\/strong><\/a><\/p>\n<h3><strong>HCL<\/strong><\/h3>\n<p><a href=\"https:\/\/youtu.be\/aOlELT_gmt4\"><strong>Le nouveau service de Maladies Infectieuses des Hospices Civils de Lyon<\/strong><\/a><\/p>\n<p>&nbsp;<\/p>\n<h2 class=\"headline\">2020<\/h2>\n<h3><strong>Le Progr\u00e8s<\/strong><\/h3>\n<p><a href=\"https:\/\/www.leprogres.fr\/magazine-sante\/2020\/11\/29\/des-virus-mangeurs-de-bacteries-capables-de-soigner#PlugCommentsList2\"><strong>Des virus \u00ab\u00a0mangeurs\u00a0\u00bb de bact\u00e9ries capables de soigner<\/strong><\/a><\/p>\n<h3><strong>RCF radio<\/strong><\/h3>\n<p><strong><a href=\"https:\/\/rcf.fr\/vie-quotidienne\/famille\/les-phages-c-est-quoi-14\">Les phages, c&#8217;est quoi (1\/4) ?<\/a><\/strong><\/p>\n<p><a href=\"https:\/\/rcf.fr\/vie-quotidienne\/famille\/les-phages-c-est-quoi-24\"><strong>Les phages, c&#8217;est quoi (2\/4) ?<\/strong><\/a><\/p>\n<p><a href=\"https:\/\/rcf.fr\/vie-quotidienne\/famille\/les-phages-c-est-quoi-34\"><strong>Les phages c&#8217;est quoi (3\/4) ?<\/strong><\/a><\/p>\n<p><a href=\"https:\/\/rcf.fr\/vie-quotidienne\/famille\/les-phages-c-est-quoi-44\"><strong>Les phages c&#8217;est quoi (4\/4) ?<\/strong><\/a><\/p>\n<h3><strong>BFM Lyon<\/strong><\/h3>\n<p><strong><a href=\"https:\/\/youtu.be\/h9zd7c013F8\">Fondaction HCL Le Mag : la phagoth\u00e9rapie et le projet PHAGEinLYON<\/a><\/strong><\/p>\n<h3><strong>Lib\u00e9ration<\/strong><\/h3>\n<p class=\"article-headline\"><a href=\"https:\/\/www.liberation.fr\/france\/2020\/01\/21\/phagotherapie-la-revanche-des-virus-guerisseurs_1774404\"><strong>Phagoth\u00e9rapie\u00a0: la revanche des\u00a0virus gu\u00e9risseurs<\/strong><\/a><\/p>\n<h2 class=\"headline\">2019<\/h2>\n<h3><strong>Le Figaro\u00a0<\/strong><\/h3>\n<p><a href=\"https:\/\/www.lefigaro.fr\/sciences\/ces-pathogenes-qui-nous-veulent-du-bien-20191216\"><strong>Ces pathog\u00e8nes qui nous veulent du bien<\/strong><\/a><\/p>\n<h3><strong>Le <em>Huffington Post<\/em><\/strong><\/h3>\n<p class=\"headline\"><a href=\"https:\/\/www.huffingtonpost.fr\/2019\/03\/20\/des-virus-venus-des-egouts-capables-de-tuer-les-bacteries-resistantes-aux-antibiotiques_a_23696395\/?utm_hp_ref=fr-cest-la-vie\"><strong>Des virus venus des \u00e9gouts capables de tuer les bact\u00e9ries r\u00e9sistantes aux antibiotiques<\/strong><\/a><\/p>\n<h3><strong>Le Point<\/strong><\/h3>\n<p><a href=\"https:\/\/www.lepoint.fr\/societe\/antibiotiques-les-virus-phages-une-alternative-qui-se-concretise-20-03-2019-2302530_23.php\"><strong>Antibiotiques: les virus phages, une alternative qui se concr\u00e9tise<\/strong><\/a><\/p>\n<h3><strong>Le Point<\/strong><\/h3>\n<p><a href=\"https:\/\/www.lepoint.fr\/societe\/les-phages-traitement-de-la-derniere-chance-pour-monsieur-p-20-03-2019-2302531_23.php\"><strong>Les phages, traitement de la derni\u00e8re chance pour Monsieur P.<\/strong><\/a><\/p>\n<h3><strong>Le Progr\u00e8s<\/strong><\/h3>\n<p><a href=\"https:\/\/www.leprogres.fr\/rhone-69-edition-lyon-metropole\/2019\/11\/01\/de-lyon-a-new-york-l-incroyable-renaissance-des-phages\"><strong>De Lyon \u00e0 New-York, l&#8217;incroyable renaissance des phages<\/strong><\/a><\/p>\n<h3><strong>Arte<\/strong><\/h3>\n<p><a href=\"https:\/\/www.youtube.com\/watch?v=JblIyT4wOp8\"><strong>L&#8217;incroyable histoire des tueurs de bact\u00e9rie<\/strong><\/a><\/p>\n<h3><strong>France Info<\/strong><\/h3>\n<p><a href=\"https:\/\/www.francetvinfo.fr\/sante\/decouverte-scientifique\/les-phages-pour-eliminer-les-bacteries-la-piste-se-concretise_3243249.html\"><strong>Les phages pour \u00e9liminer les bact\u00e9ries : la piste se concr\u00e9tise<\/strong><\/a><\/p>\n<h3><strong>Le Point<\/strong><\/h3>\n<p><a href=\"https:\/\/www.lepoint.fr\/video\/antibiotiques-les-phages-une-alternative-qui-se-concretise-21-03-2019-2302983_738.php\"><strong>Antibiotiques: les phages une alternative qui se concr\u00e9tise<\/strong><\/a><\/p>\n<h3><strong>Sciences et Avenir (n\u00b0868)<\/strong><\/h3>\n<p><strong><a href=\"https:\/\/www.epresse.fr\/kiosque_premium\/sciences-et-avenir\/2019-05-29\/sommaire\">Les Virus, rem\u00e8des \u00e0 la r\u00e9sistance bact\u00e9rienne<\/a><\/strong><\/p>\n<h3><strong>France 2 (13h)<\/strong><\/h3>\n<p><a href=\"https:\/\/www.youtube.com\/watch?v=wbnwCl1By9o\"><strong>Sant\u00e9 : des virus \u00e0 la place des antibiotiques<\/strong><\/a><\/p>\n<h2>2018<\/h2>\n<h3><strong>T\u00e9l\u00e9 Lyon M\u00e9tropole<\/strong><\/h3>\n<p><strong><a href=\"https:\/\/www.youtube.com\/watch?v=mI-Q74lnr2Q\">Votre sant\u00e9 : Les Infections ost\u00e9oarticulaires<\/a><\/strong><\/p>\n<h3><strong>RCF<\/strong><\/h3>\n<p class=\"title-detail-program\"><a href=\"https:\/\/fondationhcl.fr\/replay\/!\/replay\/la-resistance-aux-antibiotiques\/\"><strong>La chronique sant\u00e9 : Les infections ost\u00e9oarticulaires<\/strong><\/a><\/p>\n<h3><strong>RCF<\/strong><\/h3>\n<p class=\"title-detail-program\"><a href=\"https:\/\/fondationhcl.fr\/replay\/!\/replay\/la-resistance-aux-antibiotiques\/\"><strong>La chronique sant\u00e9 : La phagoth\u00e9rapie<\/strong><\/a><\/p>\n<h3><strong>France 5<\/strong><\/h3>\n<p><a href=\"https:\/\/www.youtube.com\/watch?v=ZwD3JvDEybc\"><strong>Infections osseuses, quelle prise en charge ?<\/strong><\/a><\/p>\n<h3><strong>RCF<\/strong><\/h3>\n<p class=\"title-detail-program\"><strong><a href=\"https:\/\/fondationhcl.fr\/replay\/!\/replay\/la-chirurgie-orthopedique\/\">La chronique sant\u00e9 : Lyon centre de r\u00e9ference pour les infections ost\u00e9o articulaires<\/a><\/strong><\/p>\n<h3><strong>VSD (n\u00b02119)<\/strong><\/h3>\n<p><a href=\"https:\/\/www.crioac-lyon.fr\/wp-content\/uploads\/VSD_5_Avril_2018_Bacteriophages.pdf\"><strong>Les \u00e9gouts sur ordonnance<\/strong><\/a><\/p>\n<h3><strong>Radio T\u00e9l\u00e9vision Suisse<\/strong><\/h3>\n<p><a href=\"https:\/\/www.youtube.com\/watch?v=IO7vsp2p_yA\"><strong>Phagoth\u00e9rapie, le traitement de la derni\u00e8re chance<\/strong><\/a><\/p>\n<h3><strong>Le Progr\u00e8s<\/strong><\/h3>\n<p><a href=\"https:\/\/www.leprogres.fr\/rhone-69\/2018\/11\/14\/contre-l-antibioresistance-la-phagotherapie-avance-a-petits-pas\"><strong>Contre l\u2019antibior\u00e9sistance, la phagoth\u00e9rapie avance \u00e0 petits pas<\/strong><\/a><\/p>\n<h2>2017<\/h2>\n<h3><strong>France 3 (12\/13)<\/strong><\/h3>\n<p><a href=\"https:\/\/www.youtube.com\/watch?v=1LwH3Vjnlt0\"><strong>Virus tueurs de bact\u00e9ries<\/strong><\/a><\/p>\n<h3><strong>Le Progr\u00e8s<\/strong><\/h3>\n<p><a href=\"https:\/\/www.leprogres.fr\/sante\/2017\/09\/21\/hcl-deux-victoires-inedites-contre-l-antibioresistance\"><strong>Deux victoires in\u00e9dites contre l&#8217;antibior\u00e9sistance<\/strong><\/a><\/p>\n<h3><strong>Communiqu\u00e9 de presse des Hospices Civils de Lyon<\/strong><\/h3>\n<p class=\"page-header\"><a href=\"https:\/\/www.crioac-lyon.fr\/wp-content\/uploads\/communique-presse-hcl-2017-1.pdf\"><strong>Infections gravissimes : aux HCL, les Phages partent \u00e0 l\u2019assaut des bact\u00e9ries r\u00e9sistantes et terrassent l\u2019infection<\/strong><\/a><\/p>\n<h2>2016<\/h2>\n<h3><strong>Le Figaro<\/strong><\/h3>\n<p><a href=\"https:\/\/www.crioac-lyon.fr\/wp-content\/uploads\/Figaro-sante-2016.pdf\"><strong>Infections sur proth\u00e8ses : rares mais parfois redoutables<\/strong><\/a><\/p>\n<p>&nbsp;<\/p>","protected":false},"excerpt":{"rendered":"<p>CRIOAc Lyon shares news in the field of bone and joint infection (BJI) on this website. CRIOAc Lyon also has a twitter account , as well as a youtube channel. If you can read French, our seasonal newsletter can be found through this website link, or you can receive it by registering HERE. You will also find below a list<\/p>\n","protected":false},"author":3,"featured_media":0,"parent":0,"menu_order":0,"comment_status":"closed","ping_status":"closed","template":"","meta":{"footnotes":""},"class_list":["post-4513","page","type-page","status-publish","hentry"],"_links":{"self":[{"href":"https:\/\/www.crioac-lyon.fr\/en\/wp-json\/wp\/v2\/pages\/4513","targetHints":{"allow":["GET"]}}],"collection":[{"href":"https:\/\/www.crioac-lyon.fr\/en\/wp-json\/wp\/v2\/pages"}],"about":[{"href":"https:\/\/www.crioac-lyon.fr\/en\/wp-json\/wp\/v2\/types\/page"}],"author":[{"embeddable":true,"href":"https:\/\/www.crioac-lyon.fr\/en\/wp-json\/wp\/v2\/users\/3"}],"replies":[{"embeddable":true,"href":"https:\/\/www.crioac-lyon.fr\/en\/wp-json\/wp\/v2\/comments?post=4513"}],"version-history":[{"count":108,"href":"https:\/\/www.crioac-lyon.fr\/en\/wp-json\/wp\/v2\/pages\/4513\/revisions"}],"predecessor-version":[{"id":6528,"href":"https:\/\/www.crioac-lyon.fr\/en\/wp-json\/wp\/v2\/pages\/4513\/revisions\/6528"}],"wp:attachment":[{"href":"https:\/\/www.crioac-lyon.fr\/en\/wp-json\/wp\/v2\/media?parent=4513"}],"curies":[{"name":"wp","href":"https:\/\/api.w.org\/{rel}","templated":true}]}}