{"id":2980,"date":"2019-10-22T15:24:59","date_gmt":"2019-10-22T13:24:59","guid":{"rendered":"https:\/\/www.crioac-lyon.fr\/?page_id=2980"},"modified":"2020-06-17T07:17:09","modified_gmt":"2020-06-17T05:17:09","slug":"contact","status":"publish","type":"page","link":"https:\/\/www.crioac-lyon.fr\/en\/contact\/","title":{"rendered":"Contact"},"content":{"rendered":"<p><\/p>\n<h2>\nGet in touch with the CRIOAc Lyon team<br \/>\n<\/h2>\n<p>\nIn order to contact us, please fill in all the fields in the form below and accept the consent. We will get back to you as soon as possible.\n<\/p>\n<p>\n<div class=\"wpcf7 no-js\" id=\"wpcf7-f2979-o2\" lang=\"fr-FR\" dir=\"ltr\" data-wpcf7-id=\"2979\">\n<div class=\"screen-reader-response\"><p role=\"status\" aria-live=\"polite\" aria-atomic=\"true\"><\/p> <ul><\/ul><\/div>\n<form action=\"\/en\/wp-json\/wp\/v2\/pages\/2980#wpcf7-f2979-o2\" method=\"post\" class=\"wpcf7-form init wpcf7-acceptance-as-validation\" aria-label=\"Formulaire de contact\" novalidate=\"novalidate\" data-status=\"init\">\n<fieldset class=\"hidden-fields-container\"><input type=\"hidden\" name=\"_wpcf7\" value=\"2979\" \/><input type=\"hidden\" name=\"_wpcf7_version\" value=\"6.1.1\" \/><input type=\"hidden\" name=\"_wpcf7_locale\" value=\"fr_FR\" \/><input type=\"hidden\" name=\"_wpcf7_unit_tag\" value=\"wpcf7-f2979-o2\" \/><input type=\"hidden\" name=\"_wpcf7_container_post\" value=\"0\" \/><input type=\"hidden\" name=\"_wpcf7_posted_data_hash\" value=\"\" \/><input type=\"hidden\" name=\"_wpcf7_recaptcha_response\" value=\"\" \/>\n<\/fieldset>\n<p><label> Votre nom (obligatoire)<br \/>\n<span class=\"wpcf7-form-control-wrap\" data-name=\"your-name\"><input size=\"40\" maxlength=\"400\" class=\"wpcf7-form-control wpcf7-text wpcf7-validates-as-required\" aria-required=\"true\" aria-invalid=\"false\" value=\"\" type=\"text\" name=\"your-name\" \/><\/span> <\/label>\n<\/p>\n<p><label> Votre adresse de messagerie (obligatoire)<br \/>\n<span class=\"wpcf7-form-control-wrap\" data-name=\"your-email\"><input size=\"40\" maxlength=\"400\" class=\"wpcf7-form-control wpcf7-email wpcf7-validates-as-required wpcf7-text wpcf7-validates-as-email\" aria-required=\"true\" aria-invalid=\"false\" value=\"\" type=\"email\" name=\"your-email\" \/><\/span> <\/label>\n<\/p>\n<p><label> Objet<br \/>\n<span class=\"wpcf7-form-control-wrap\" data-name=\"your-subject\"><input size=\"40\" maxlength=\"400\" class=\"wpcf7-form-control wpcf7-text wpcf7-validates-as-required\" aria-required=\"true\" aria-invalid=\"false\" value=\"\" type=\"text\" name=\"your-subject\" \/><\/span> <\/label>\n<\/p>\n<p><label> Votre message<br \/>\n<span class=\"wpcf7-form-control-wrap\" data-name=\"your-message\"><textarea cols=\"40\" rows=\"10\" maxlength=\"2000\" class=\"wpcf7-form-control wpcf7-textarea wpcf7-validates-as-required\" aria-required=\"true\" aria-invalid=\"false\" name=\"your-message\"><\/textarea><\/span> <\/label>\n<\/p>\n<p><span class=\"wpcf7-form-control-wrap\" data-name=\"your-acceptance\"><span class=\"wpcf7-form-control wpcf7-acceptance\"><span class=\"wpcf7-list-item\"><label><input type=\"checkbox\" name=\"your-acceptance\" value=\"1\" aria-invalid=\"false\" \/><span class=\"wpcf7-list-item-label\">En cochant cette case, vous acceptez que le CRIOAc Lyon utilise votre adresse email pour r\u00e9pondre \u00e0 votre demande. Conform\u00e9ment aux <a href=\"\/mentions-legales\">conditions g\u00e9n\u00e9rales du sites et \u00e0 la politique de confidentialit\u00e9<\/a>, votre adresse email ne sera ni utilis\u00e9e \u00e0 d'autres fins, ni transmise \u00e0 des organismes tiers.<\/span><\/label><\/span><\/span><\/span>\n<\/p>\n<p><input class=\"wpcf7-form-control wpcf7-submit has-spinner\" type=\"submit\" value=\"Envoyer\" \/>\n<\/p><div class=\"wpcf7-response-output\" aria-hidden=\"true\"><\/div>\n<\/form>\n<\/div>\n<\/p>","protected":false},"excerpt":{"rendered":"<p>Get in touch with the CRIOAc Lyon team In order to contact us, please fill in all the fields in the form below and accept the consent. We will get back to you as soon as possible.<\/p>\n","protected":false},"author":6,"featured_media":0,"parent":0,"menu_order":0,"comment_status":"closed","ping_status":"closed","template":"","meta":{"footnotes":""},"class_list":["post-2980","page","type-page","status-publish","hentry"],"_links":{"self":[{"href":"https:\/\/www.crioac-lyon.fr\/en\/wp-json\/wp\/v2\/pages\/2980","targetHints":{"allow":["GET"]}}],"collection":[{"href":"https:\/\/www.crioac-lyon.fr\/en\/wp-json\/wp\/v2\/pages"}],"about":[{"href":"https:\/\/www.crioac-lyon.fr\/en\/wp-json\/wp\/v2\/types\/page"}],"author":[{"embeddable":true,"href":"https:\/\/www.crioac-lyon.fr\/en\/wp-json\/wp\/v2\/users\/6"}],"replies":[{"embeddable":true,"href":"https:\/\/www.crioac-lyon.fr\/en\/wp-json\/wp\/v2\/comments?post=2980"}],"version-history":[{"count":6,"href":"https:\/\/www.crioac-lyon.fr\/en\/wp-json\/wp\/v2\/pages\/2980\/revisions"}],"predecessor-version":[{"id":4758,"href":"https:\/\/www.crioac-lyon.fr\/en\/wp-json\/wp\/v2\/pages\/2980\/revisions\/4758"}],"wp:attachment":[{"href":"https:\/\/www.crioac-lyon.fr\/en\/wp-json\/wp\/v2\/media?parent=2980"}],"curies":[{"name":"wp","href":"https:\/\/api.w.org\/{rel}","templated":true}]}}