{"id":2931,"date":"2019-10-15T09:51:26","date_gmt":"2019-10-15T07:51:26","guid":{"rendered":"https:\/\/www.crioac-lyon.fr\/?page_id=2931"},"modified":"2022-04-27T12:38:12","modified_gmt":"2022-04-27T10:38:12","slug":"substituts-osseux","status":"publish","type":"page","link":"https:\/\/www.crioac-lyon.fr\/en\/substituts-osseux\/","title":{"rendered":"Bone substitutes"},"content":{"rendered":"<p><\/p>\n<h2>Principle of local antibiotic therapy<\/h2>\n<div class=\"cri-emphasis\">During a <a href=\"https:\/\/www.crioac-lyon.fr\/qu-est-ce-qu-une-infection-osteoarticulaire\/\"><strong>BJI<\/strong><\/a>, antibiotics are administered by the <strong>&#8220;systemic&#8221; route<\/strong>, i.e. orally or intravenously. Only a small proportion of what is administered systemically penetrates the bone. For the bone to heal, it is necessary to prolong the antibiotic therapy for several weeks, generally 6 to 12 weeks. <strong>Local antibiotic therapy is an emerging field.<\/strong> The idea is to deliver a large quantity of antibiotic locally, using a &#8220;carrier&#8221; that stabilises the antibiotic and diffuses it over several days or weeks. <strong>High local concentrations of antibiotic can potentially trigger &#8220;anti-biofilm&#8221; activity<\/strong>. The complementarity of systemic antibiotic therapy (in red in the figure below) and local antibiotic therapy (in yellow) results in theoretically &#8220;optimal&#8221; pharmacokinetics.<\/div>\n<img loading=\"lazy\" decoding=\"async\" class=\"aligncenter wp-image-3650 size-large\" src=\"https:\/\/www.crioac-lyon.fr\/wp-content\/uploads\/antibiotherapie-locale-1024x709.jpeg\" alt=\"Compl\u00e9mentarit\u00e9 de l'antibioth\u00e9rapie syst\u00e9mique (en rouge) et de l'antibioth\u00e9rapie locale (en jaune) aboutissant \u00e0 une pharmacocin\u00e9tique en th\u00e9orie &quot;optimale&quot;\" width=\"1024\" height=\"709\" srcset=\"https:\/\/www.crioac-lyon.fr\/wp-content\/uploads\/antibiotherapie-locale-1024x709.jpeg 1024w, https:\/\/www.crioac-lyon.fr\/wp-content\/uploads\/antibiotherapie-locale-300x208.jpeg 300w, https:\/\/www.crioac-lyon.fr\/wp-content\/uploads\/antibiotherapie-locale-768x532.jpeg 768w, https:\/\/www.crioac-lyon.fr\/wp-content\/uploads\/antibiotherapie-locale.jpeg 1480w\" sizes=\"auto, (max-width: 1024px) 100vw, 1024px\" \/>\n<h2>Principle of bone substitutes<\/h2>\n<p>A bone substitute is a <strong>device<\/strong> generally made of calcium sulfate and hydroxyapatite. It is presented as a paste, in a syringe. Its primary purpose, is to promote <strong>bone remodeling<\/strong>, i.e. the &#8220;regrowth&#8221; of bone. By filling the gap, this network of calcium sulfate and hydroxyapatite can thus provide a setting for colonisation by the bone cells of the individual. Bone substitutes available on the market have obtained <strong>European Commission (CE) marking<\/strong>. Some manufacturers have added antibiotics, such as gentamicin or vancomycin, to the composition of the bone substitute. These antibiotics are stable in the bone substitute. They are delivered <strong>in high concentrations over several weeks<\/strong>.<span class=\"Apple-converted-space\">\u00a0<\/span><\/p>\n<div class=\"cf\">\n<div class=\"m-all t-6of12 d-6of12\">\n<p>The standard treatment for chronic osteomyelitis is to get rid of bone sequestration and bacteria, in the form of biofilm, present in the intramedullary area, to identify the bacteria involved, and to treat with systemic antibiotics for a period of 3 months. The use of a bone substitute in this indication helps to :<\/p>\n<ol>\n<li><strong>fill the cavity<\/strong>, and thereby <strong>avoid superinfections,<\/strong><\/li>\n<li><strong>deliver locally high concentrations of gentamicin<\/strong>, which has a broad spectrum of activity on staphylococci, streptococci and enterobacteria, and is synergistic with systemically-administered antibiotics,<\/li>\n<li><strong>promote bone remodeling,<\/strong> i.e. colonisation of the gap by bone cells to facilitate repair.<\/li>\n<\/ol>\n<\/div>\n<div class=\"m-all t-6of12 d-6of12\">\n<div id=\"attachment_3649\" style=\"width: 1034px\" class=\"wp-caption aligncenter\"><img loading=\"lazy\" decoding=\"async\" aria-describedby=\"caption-attachment-3649\" class=\"wp-image-3649 size-large\" src=\"https:\/\/www.crioac-lyon.fr\/wp-content\/uploads\/pk-substitut-1024x709.jpeg\" alt=\"\" width=\"1024\" height=\"709\" srcset=\"https:\/\/www.crioac-lyon.fr\/wp-content\/uploads\/pk-substitut-1024x709.jpeg 1024w, https:\/\/www.crioac-lyon.fr\/wp-content\/uploads\/pk-substitut-300x208.jpeg 300w, https:\/\/www.crioac-lyon.fr\/wp-content\/uploads\/pk-substitut-768x532.jpeg 768w, https:\/\/www.crioac-lyon.fr\/wp-content\/uploads\/pk-substitut.jpeg 1480w\" sizes=\"auto, (max-width: 1024px) 100vw, 1024px\" \/><p id=\"caption-attachment-3649\" class=\"wp-caption-text\">Example of pharmacokinetics resulting from gentamicin released by bone substitute, with very high local concentrations (logarithmic scale), far above bactericidal concentrations, for more than three weeks<\/p><\/div>\n<\/div>\n<\/div>\n<div class=\"cri-emphasis attention\">The use of gentamicin bone substitutes is potentially relevant in chronic osteomyelitis (Brodie&#8217;s abscess), but due to lack of clinical studies proving its effectiveness, patients cannot be reimbursed by French public health insurance.<\/div>\n<div><\/div>\n<div>\n<div style=\"width: 970px\" class=\"wp-caption aligncenter\"><img loading=\"lazy\" decoding=\"async\" class=\"aligncenter size-full wp-image-4223\" src=\"https:\/\/www.crioac-lyon.fr\/wp-content\/uploads\/abces-de-brodie\" alt=\"\" width=\"960\" height=\"720\" \/><p class=\"wp-caption-text\">Acute osteomyelitis of the humerus at the age of 12 was left untreated. Twenty years later, Brodie&#8217;s abscess is visible (area of osteolysis in humeral diaphysis) on x-ray and MRI. When there is an indication of corticotomy, a gentamicin bone substitute can be used. Thus the cavity can be filled, high concentrations of antibiotic can be delivered locally, bacterial superinfection can be avoided, and bone remodeling can be promoted.<\/p><\/div>\n<\/div>\n<p><\/p>","protected":false},"excerpt":{"rendered":"<p>Principle of local antibiotic therapy During a BJI, antibiotics are administered by the &#8220;systemic&#8221; route, i.e. orally or intravenously. Only a small proportion of what is administered systemically penetrates the bone. For the bone to heal, it is necessary to prolong the antibiotic therapy for several weeks, generally 6 to 12 weeks. Local antibiotic therapy is an emerging field. The<\/p>\n","protected":false},"author":3,"featured_media":0,"parent":0,"menu_order":0,"comment_status":"closed","ping_status":"closed","template":"","meta":{"footnotes":""},"class_list":["post-2931","page","type-page","status-publish","hentry"],"_links":{"self":[{"href":"https:\/\/www.crioac-lyon.fr\/en\/wp-json\/wp\/v2\/pages\/2931","targetHints":{"allow":["GET"]}}],"collection":[{"href":"https:\/\/www.crioac-lyon.fr\/en\/wp-json\/wp\/v2\/pages"}],"about":[{"href":"https:\/\/www.crioac-lyon.fr\/en\/wp-json\/wp\/v2\/types\/page"}],"author":[{"embeddable":true,"href":"https:\/\/www.crioac-lyon.fr\/en\/wp-json\/wp\/v2\/users\/3"}],"replies":[{"embeddable":true,"href":"https:\/\/www.crioac-lyon.fr\/en\/wp-json\/wp\/v2\/comments?post=2931"}],"version-history":[{"count":42,"href":"https:\/\/www.crioac-lyon.fr\/en\/wp-json\/wp\/v2\/pages\/2931\/revisions"}],"predecessor-version":[{"id":5585,"href":"https:\/\/www.crioac-lyon.fr\/en\/wp-json\/wp\/v2\/pages\/2931\/revisions\/5585"}],"wp:attachment":[{"href":"https:\/\/www.crioac-lyon.fr\/en\/wp-json\/wp\/v2\/media?parent=2931"}],"curies":[{"name":"wp","href":"https:\/\/api.w.org\/{rel}","templated":true}]}}