{"id":1555,"date":"2019-06-19T17:08:18","date_gmt":"2019-06-19T15:08:18","guid":{"rendered":"https:\/\/www.crioac-lyon.fr\/?page_id=1555"},"modified":"2025-09-29T10:54:18","modified_gmt":"2025-09-29T08:54:18","slug":"rcp-bilan","status":"publish","type":"page","link":"https:\/\/www.crioac-lyon.fr\/en\/rcp-bilan\/","title":{"rendered":"Impact of multidisciplinary team meetings at CRIOAc Lyon"},"content":{"rendered":"<p><\/p>\n<div class=\"cri-emphasis summary\">Although <strong>MDT meetings<\/strong> are theoretically <strong>indispensable<\/strong>, they are sometimes <strong>difficult to implement<\/strong>.<br \/>\nIt is not easy to find a time-slot that suits all the different specialists, who are busy practicing in different buildings of the same hospital, or who work in a hospital across town.<\/div>\n<div class=\"cf\">\n<div class=\"m-all t-6of12 d-6of12\">\n<p><strong>Since 2011, the number of MDT meetings held at CRIOAc Lyon has increased, and themes have been diversified<\/strong>.<br \/>\nCurrently, <strong>5 to 7 MDT meetings are held per week at CRIOAc Lyon<\/strong>, which facilitates the presentation of cases, <strong>decision-making<\/strong> and <strong>fluidity of care<\/strong>. Since December 2015, MDT meetings have been held through <strong>video conference<\/strong>, so that cases at regional hospitals can be discussed. <strong>Advice<\/strong> can be given to the practitioners taking care of the patients about <strong>disease management<\/strong>, if it is not a <a href=\"https:\/\/www.crioac-lyon.fr\/qu-est-ce-qu-une-infection-osteoarticulaire\/\"> complex <strong>BJI<\/strong> <\/a>.<\/p>\n<\/div>\n<div class=\"m-all t-6of12 d-6of12\">\n<div id=\"attachment_4656\" style=\"width: 594px\" class=\"wp-caption alignnone\"><img loading=\"lazy\" decoding=\"async\" aria-describedby=\"caption-attachment-4656\" class=\"wp-image-4656 size-full\" src=\"https:\/\/www.crioac-lyon.fr\/wp-content\/uploads\/documents\/Graphiques_images\/2023\/NB-DOSSIERS-DISCUTES-EN-RCP-2012-2022.jpg\" alt=\"\" width=\"584\" height=\"317\" \/><p id=\"caption-attachment-4656\" class=\"wp-caption-text\">Number of cases presented during MDT meetings at CRIOAc de Lyon<\/p><\/div>\n<\/div>\n<div><\/div>\n<div><\/div>\n<div class=\"cf\">\n<div class=\"m-all t-all d-all\">\n<div class=\"cri-highlight\">\n<p>CRIOAc Lyon is the <strong>first CRIOAc to have implemented a video conference system<\/strong> (effective since 23\/11\/2015). Participants can see each other during the meeting and files can be shared. This video conference system is supported by the Regional Health Authority (ARS) (regional development funds were received in 2015, 2016 and 2017). Since January 2016, 456 patient cases were discussed over 151 MDT meetings.<\/p>\n<\/div>\n<\/div>\n<div class=\"m-all t-6of12 d-6of12\">\n<p>The <strong>following regional hospitals<\/strong> participated :<\/p>\n<ul>\n<li>Alpes-L\u00e9man Hospital<\/li>\n<li>Giens Hospital (HCL)<\/li>\n<li>Valence Hospital<\/li>\n<li>Vienne Hospital<\/li>\n<li>Roanne Hospital<\/li>\n<li>Hauteville Hospital<\/li>\n<li>Annecy Hospital<\/li>\n<li>Villefranche-sur-Sa\u00f4ne Hospital<\/li>\n<li>Annonay Hospital<\/li>\n<li>Ajaccio Hospital<\/li>\n<li>Chamb\u00e9ry Hospital<\/li>\n<li>Bourg-en-Bresse Hospital<\/li>\n<li>Ch\u00e2lon-sur-Sa\u00f4ne Hospital<\/li>\n<li>M\u00e2con Hospital<\/li>\n<li>Amb\u00e9rieu Hospital<\/li>\n<li>Beaujolais Polyclinic(69)<\/li>\n<li>Lyon : Saint-Luc Saint-Joseph Hospital, Clinic of the Park, Protestant Clinic, Desgenettes Hospital, MIIT<\/li>\n<li>Grenoble Hospital, Annemasse Clinic<\/li>\n<\/ul>\n<\/div>\n<div class=\"m-all t-6of12 d-6of12\">\n<div style=\"width: 503px\" class=\"wp-caption aligncenter\"><img loading=\"lazy\" decoding=\"async\" src=\"https:\/\/www.crioac-lyon.fr\/wp-content\/uploads\/RCP\/CHP_visiorcp.jpg\" alt=\"Localisation des centres hospitaliers p\u00e9riph\u00e9riques participant \u00e0 la visioRCP et nombre de dossiers pr\u00e9sent\u00e9s\" width=\"493\" height=\"674\" \/><p class=\"wp-caption-text\">Map showing regional hospitals participating in video conference MDT meetings and number of cases presented over a 2 year period.<\/p><\/div>\n<\/div>\n<div class=\"m-all t-6of12 d-6of12\">\n<p><strong>Collegial decision-making<\/strong> is made possible during video conference MDT meetings, such as :<\/p>\n<ul>\n<li>Continuation of care in a general hospital or transfer to CRIOAc<\/li>\n<li>Sharing of surgical management<\/li>\n<li>Scheduling of surgery at CRIOAc Lyon<\/li>\n<li>Ensuring adequate relay of care between different medical sites<\/li>\n<li>Validation of off-label antibiotics<\/li>\n<\/ul>\n<\/div>\n<div class=\"m-all t-6of12 d-6of12\">\n<div style=\"width: 463px\" class=\"wp-caption aligncenter\"><img loading=\"lazy\" decoding=\"async\" src=\"https:\/\/www.crioac-lyon.fr\/wp-content\/uploads\/RCP\/visiorcp.jpg\" alt=\"S\u00e9ance de VisioRCP avec visualisation des correspondants et partage du fichier pr\u00e9sentant l\u2019histoire clinique du patient\" width=\"453\" height=\"239\" \/><p class=\"wp-caption-text\">Participants of the video conference MDT meeting can be seen and the clinical history of the patient can be shared on the different screens<\/p><\/div>\n<\/div>\n<\/div>\n<\/div>\n<p><\/p>","protected":false},"excerpt":{"rendered":"<p>Although MDT meetings are theoretically indispensable, they are sometimes difficult to implement. It is not easy to find a time-slot that suits all the different specialists, who are busy practicing in different buildings of the same hospital, or who work in a hospital across town. Since 2011, the number of MDT meetings held at CRIOAc Lyon has increased, and themes<\/p>\n","protected":false},"author":3,"featured_media":0,"parent":0,"menu_order":0,"comment_status":"closed","ping_status":"closed","template":"","meta":{"footnotes":""},"class_list":["post-1555","page","type-page","status-publish","hentry"],"_links":{"self":[{"href":"https:\/\/www.crioac-lyon.fr\/en\/wp-json\/wp\/v2\/pages\/1555","targetHints":{"allow":["GET"]}}],"collection":[{"href":"https:\/\/www.crioac-lyon.fr\/en\/wp-json\/wp\/v2\/pages"}],"about":[{"href":"https:\/\/www.crioac-lyon.fr\/en\/wp-json\/wp\/v2\/types\/page"}],"author":[{"embeddable":true,"href":"https:\/\/www.crioac-lyon.fr\/en\/wp-json\/wp\/v2\/users\/3"}],"replies":[{"embeddable":true,"href":"https:\/\/www.crioac-lyon.fr\/en\/wp-json\/wp\/v2\/comments?post=1555"}],"version-history":[{"count":46,"href":"https:\/\/www.crioac-lyon.fr\/en\/wp-json\/wp\/v2\/pages\/1555\/revisions"}],"predecessor-version":[{"id":6453,"href":"https:\/\/www.crioac-lyon.fr\/en\/wp-json\/wp\/v2\/pages\/1555\/revisions\/6453"}],"wp:attachment":[{"href":"https:\/\/www.crioac-lyon.fr\/en\/wp-json\/wp\/v2\/media?parent=1555"}],"curies":[{"name":"wp","href":"https:\/\/api.w.org\/{rel}","templated":true}]}}