{"id":1359,"date":"2019-06-05T16:29:07","date_gmt":"2019-06-05T14:29:07","guid":{"rendered":"https:\/\/www.crioac-lyon.fr\/?page_id=1359"},"modified":"2022-04-25T12:05:39","modified_gmt":"2022-04-25T10:05:39","slug":"diagnostic-microbiologique","status":"publish","type":"page","link":"https:\/\/www.crioac-lyon.fr\/en\/diagnostic-microbiologique\/","title":{"rendered":"Microbiological diagnostics"},"content":{"rendered":"<p><\/p>\n<div class=\"cf\">\n<div class=\"m-all t-all d-all cri-emphasis summary\">Bacteriological examinations are of <strong>major importance in the diagnosis<\/strong> of <a href=\"https:\/\/www.crioac-lyon.fr\/qu-est-ce-qu-une-infection-osteoarticulaire\/\"><strong>BJI<\/strong><\/a>. It is the only way to establish a diagnosis of certainty by isolating and <strong>identifying<\/strong> the micro-organisms involved. By studying <strong>sensitivity to antibiotics<\/strong>, an effective treatment can be implemented.<\/div>\n<\/div>\n<div class=\"cf\">\n<div class=\"m-all t-6of12 d-6of12\">\n<p>The bacteriological diagnosis is difficult because the bacteria causing the infection :<\/p>\n<ul>\n<li>may belong to a <strong>wide variety of species<\/strong>. They are often species belonging to skin flora (risk of false positives can occur through contamination by the skin flora of the patient at the moment of sampling or handling and inoculation of the sample by caregivers)<\/li>\n<li>may present <strong>slow and\/or difficult growth<\/strong>, like anaerobic bacteria, or <strong>fastidious growth<\/strong> like <em>Kingella kingae,<\/em> or a <strong>particular metabolic state<\/strong>, like bacteria in biofilm form, or <em>small colony variants<\/em> (SCVs), variants having undergone metabolic gene mutations<\/li>\n<li>may be limited in number, and only located near the infection site, or trapped within <strong>biofilm<\/strong>.<\/li>\n<\/ul>\n<\/div>\n<div class=\"m-all t-6of12 d-6of12\"><img decoding=\"async\" class=\"aligncenter\" src=\"https:\/\/www.crioac-lyon.fr\/wp-content\/uploads\/PEC\/01.jpg\" \/><\/div>\n<\/div>\n<div>\n<div class=\"m-all t-6of12 d-6of12\"><img decoding=\"async\" class=\"aligncenter\" src=\"https:\/\/www.crioac-lyon.fr\/wp-content\/uploads\/PEC\/02.jpg\" \/><\/div>\n<div class=\"m-all t-6of12 d-6of12\">\n<p>The techniques implemented in order to carry out this microbiological diagnosis at <strong>CRIOAc Lyon<\/strong> (from sampling to result delivery) meet the highest French standards and follow the <strong>Official Microbiology Guidelines<\/strong> (French title: R\u00e9f\u00e9rentiel en microbiologie m\u00e9dicale) published by the <a href=\"https:\/\/www.sfm-microbiologie.org\/\"><strong>Soci\u00e9t\u00e9 Fran\u00e7aise de Microbiologie<\/strong><\/a>.<\/p>\n<p>The recommendations specify traditional bacterial culture techniques. They are supplemented, when necessary, by <strong>molecular<\/strong> techniques, used to search for bacterial DNA, when the bacteria are not or no longer able to grow in the culture medium. <\/p>\n<\/div>\n<div class=\"m-all t-all d-all\">\n<div class=\"cf\">\n<div class=\"m-all t-all d-all cri-emphasis summary\">\n<p>All samples are analysed at the Centre de Biologie et de Pathologie Nord (CBPN) lab in the <a href=\"https:\/\/www.chu-lyon.fr\/fr\/institut-des-agents-infectieux\"><strong>Institut des Agents Infectieux<\/strong><\/a> (IAI), at the Croix-Rousse Hospital, which is a campus of <a href=\"https:\/\/www.chu-lyon.fr\/fr\"><strong>Hospices Civils de Lyon<\/strong><\/a>.<\/p>\n<\/div>\n<\/div>\n<img loading=\"lazy\" decoding=\"async\" class=\"aligncenter wp-image-3629\" src=\"https:\/\/www.crioac-lyon.fr\/wp-content\/uploads\/logo-CBPN.jpeg\" alt=\"\" width=\"414\" height=\"253\" srcset=\"https:\/\/www.crioac-lyon.fr\/wp-content\/uploads\/logo-CBPN.jpeg 741w, https:\/\/www.crioac-lyon.fr\/wp-content\/uploads\/logo-CBPN-300x183.jpeg 300w\" sizes=\"auto, (max-width: 414px) 100vw, 414px\" \/>\n<p>This centre is one of the largest located on hospital grounds in France and was commissioned in November 2017. It has an <strong><a href=\"https:\/\/www.chu-lyon.fr\/fr\/les-hcl-accueillent-la-plus-grande-chaine-automatisee-de-microbiologie-francaise\">automated microbiology laboratory<\/a><\/strong> worth approximately 3 million euros. There is an entire floor dedicated to microbiology (1300m\u00b2). It is manned <strong>24 hours per day and 7 days per week<\/strong>. Delivery of osteoarticular samples follow a special protocol and are <strong>sent directly to the lab<\/strong>, so that the delay between the different operating rooms and the IAI is the shortest possible.  There are extra measures to <strong>avoid contamination, and to maximise the chances of identifying the bacteria responsible for the infection<\/strong>, by culture or molecular biology techniques. The\u00a0<strong><a href=\"http:\/\/cnr-staphylocoques.univ-lyon1.fr\/\">Centre National de R\u00e9f\u00e9rence (CNR) des staphylocoques<\/a><\/strong>, which is in the same building as the IAI, has several national missions : (i) to provide microbiological expertise and identify multi-resistant strains and strains responsible for unusual clinical presentations; (ii) to contribute to epidemiological surveillance of staphylococcal infections and toxaemia by reporting to the <a href=\"https:\/\/www.santepubliquefrance.fr\/\"><b>Agence nationale de sant\u00e9 publique (Sant\u00e9 Publique France)<\/b><\/a>; and (iii) to report all unusual events to <a href=\"https:\/\/www.santepubliquefrance.fr\/\"><b>Agence nationale de sant\u00e9 publique (Sant\u00e9 Publique France)<\/b><\/a>.<\/p>\n<\/div>\n<\/div>\n<p><\/p>","protected":false},"excerpt":{"rendered":"<p>Bacteriological examinations are of major importance in the diagnosis of BJI. It is the only way to establish a diagnosis of certainty by isolating and identifying the micro-organisms involved. By studying sensitivity to antibiotics, an effective treatment can be implemented. The bacteriological diagnosis is difficult because the bacteria causing the infection : <\/p>\n<ul>\n<li>may belong to a wide variety of<\/li>\n<\/ul>\n","protected":false},"author":3,"featured_media":0,"parent":0,"menu_order":0,"comment_status":"closed","ping_status":"closed","template":"","meta":{"footnotes":""},"class_list":["post-1359","page","type-page","status-publish","hentry"],"_links":{"self":[{"href":"https:\/\/www.crioac-lyon.fr\/en\/wp-json\/wp\/v2\/pages\/1359","targetHints":{"allow":["GET"]}}],"collection":[{"href":"https:\/\/www.crioac-lyon.fr\/en\/wp-json\/wp\/v2\/pages"}],"about":[{"href":"https:\/\/www.crioac-lyon.fr\/en\/wp-json\/wp\/v2\/types\/page"}],"author":[{"embeddable":true,"href":"https:\/\/www.crioac-lyon.fr\/en\/wp-json\/wp\/v2\/users\/3"}],"replies":[{"embeddable":true,"href":"https:\/\/www.crioac-lyon.fr\/en\/wp-json\/wp\/v2\/comments?post=1359"}],"version-history":[{"count":32,"href":"https:\/\/www.crioac-lyon.fr\/en\/wp-json\/wp\/v2\/pages\/1359\/revisions"}],"predecessor-version":[{"id":5578,"href":"https:\/\/www.crioac-lyon.fr\/en\/wp-json\/wp\/v2\/pages\/1359\/revisions\/5578"}],"wp:attachment":[{"href":"https:\/\/www.crioac-lyon.fr\/en\/wp-json\/wp\/v2\/media?parent=1359"}],"curies":[{"name":"wp","href":"https:\/\/api.w.org\/{rel}","templated":true}]}}